{"id":1950,"date":"2023-10-13T11:59:04","date_gmt":"2023-10-13T09:59:04","guid":{"rendered":"https:\/\/www.hetwa.fr\/?page_id=1950"},"modified":"2023-11-02T12:30:13","modified_gmt":"2023-11-02T11:30:13","slug":"valeur3","status":"publish","type":"page","link":"https:\/\/www.hetwa.fr\/en\/valeur3\/","title":{"rendered":"Valeur3"},"content":{"rendered":"<p>[et_pb_section fb_built=\u00a0\u00bb1&Prime; prev_background_color=\u00a0\u00bbrgba(58,159,193,0.04)\u00a0\u00bb admin_label=\u00a0\u00bbAbout\u00a0\u00bb _builder_version=\u00a0\u00bb4.18.0&Prime; _module_preset=\u00a0\u00bbdefault\u00a0\u00bb custom_margin=\u00a0\u00bb-54px||||false|false\u00a0\u00bb top_divider_style=\u00a0\u00bbnone\u00a0\u00bb collapsed=\u00a0\u00bbon\u00a0\u00bb global_colors_info=\u00a0\u00bb{}\u00a0\u00bb][et_pb_row _builder_version=\u00a0\u00bb4.22.2&Prime; _module_preset=\u00a0\u00bbdefault\u00a0\u00bb hover_enabled=\u00a0\u00bb0&Prime; global_colors_info=\u00a0\u00bb{}\u00a0\u00bb custom_margin=\u00a0\u00bb||-50px||false|false\u00a0\u00bb sticky_enabled=\u00a0\u00bb0&Prime;][et_pb_column type=\u00a0\u00bb4_4&Prime; _builder_version=\u00a0\u00bb4.18.0&Prime; _module_preset=\u00a0\u00bbdefault\u00a0\u00bb global_colors_info=\u00a0\u00bb{}\u00a0\u00bb][et_pb_text _builder_version=\u00a0\u00bb4.22.2&Prime; _module_preset=\u00a0\u00bbb327cbe4-b1d5-4b66-ad37-40c8f2f061ba\u00a0\u00bb text_font=\u00a0\u00bb||||||||\u00a0\u00bb text_font_size=\u00a0\u00bb33px\u00a0\u00bb header_2_font=\u00a0\u00bbInter|700|||||||\u00a0\u00bb header_2_text_color=\u00a0\u00bb#000000&Prime; header_2_font_size=\u00a0\u00bb48px\u00a0\u00bb header_2_line_height=\u00a0\u00bb1.2em\u00a0\u00bb width=\u00a0\u00bb100%\u00a0\u00bb custom_margin=\u00a0\u00bb||10px||false|false\u00a0\u00bb hover_enabled=\u00a0\u00bb0&Prime; header_2_font_size_tablet=\u00a0\u00bb32px\u00a0\u00bb header_2_font_size_phone=\u00a0\u00bb30px\u00a0\u00bb header_2_font_size_last_edited=\u00a0\u00bbon|desktop\u00a0\u00bb inline_fonts=\u00a0\u00bbNeutraText Demi\u00a0\u00bb global_colors_info=\u00a0\u00bb{}\u00a0\u00bb sticky_enabled=\u00a0\u00bb0&Prime;]<\/p>\n<h2 style=\"text-align: center;\"><span style=\"font-family: 'NeutraText Demi'; font-weight: normal;\">Engagement \u00e9cologique et environnementale<\/span><\/h2>\n<p>[\/et_pb_text][\/et_pb_column][\/et_pb_row][et_pb_row column_structure=\u00a0\u00bb1_2,1_2&Prime; make_equal=\u00a0\u00bbon\u00a0\u00bb _builder_version=\u00a0\u00bb4.18.0&Prime; _module_preset=\u00a0\u00bbdefault\u00a0\u00bb width=\u00a0\u00bb92%\u00a0\u00bb max_width=\u00a0\u00bb1300px\u00a0\u00bb global_colors_info=\u00a0\u00bb{}\u00a0\u00bb][et_pb_column type=\u00a0\u00bb1_2&Prime; _builder_version=\u00a0\u00bb4.17.4&Prime; _module_preset=\u00a0\u00bbdefault\u00a0\u00bb global_colors_info=\u00a0\u00bb{}\u00a0\u00bb][et_pb_image src=\u00a0\u00bbhttps:\/\/www.hetwa.fr\/wp-content\/uploads\/2023\/10\/51pHnTh-mOL.jpg\u00a0\u00bb title_text=\u00a0\u00bb51pHnTh-mOL\u00a0\u00bb _builder_version=\u00a0\u00bb4.22.2&Prime; _module_preset=\u00a0\u00bbdefault\u00a0\u00bb background_image=\u00a0\u00bbhttps:\/\/www.hetwa.fr\/wp-content\/uploads\/2023\/10\/device-repair-23.jpg\u00a0\u00bb positioning=\u00a0\u00bbabsolute\u00a0\u00bb vertical_offset=\u00a0\u00bb25px\u00a0\u00bb horizontal_offset=\u00a0\u00bb-9px\u00a0\u00bb z_index=\u00a0\u00bb2&Prime; position_origin_a_tablet=\u00a0\u00bbcenter_left\u00a0\u00bb position_origin_a_phone=\u00a0\u00bbcenter_left\u00a0\u00bb position_origin_a_last_edited=\u00a0\u00bbon|phone\u00a0\u00bb position_origin_f_tablet=\u00a0\u00bb\u00a0\u00bb position_origin_f_phone=\u00a0\u00bb\u00a0\u00bb position_origin_f_last_edited=\u00a0\u00bbon|phone\u00a0\u00bb position_origin_r_tablet=\u00a0\u00bb\u00a0\u00bb position_origin_r_phone=\u00a0\u00bb\u00a0\u00bb position_origin_r_last_edited=\u00a0\u00bbon|phone\u00a0\u00bb width=\u00a0\u00bb50%\u00a0\u00bb min_height=\u00a0\u00bb280px\u00a0\u00bb custom_margin=\u00a0\u00bb18%||||false|false\u00a0\u00bb hover_enabled=\u00a0\u00bb0&Prime; positioning_tablet=\u00a0\u00bbabsolute\u00a0\u00bb positioning_phone=\u00a0\u00bbrelative\u00a0\u00bb positioning_last_edited=\u00a0\u00bbon|phone\u00a0\u00bb custom_css_main_element=\u00a0\u00bb-webkit-clip-path: polygon(25% 0%, 100% 0%, 75% 100%, 0% 100%);||clip-path: polygon(25% 0%, 100% 0%, 75% 100%, 0% 100%);\u00a0\u00bb locked=\u00a0\u00bboff\u00a0\u00bb global_colors_info=\u00a0\u00bb{}\u00a0\u00bb disabled_on=\u00a0\u00bbon|on|off\u00a0\u00bb sticky_enabled=\u00a0\u00bb0&Prime;][\/et_pb_image][et_pb_image src=\u00a0\u00bbhttps:\/\/www.hetwa.fr\/wp-content\/uploads\/2023\/10\/ecosostenibile.jpg\u00a0\u00bb title_text=\u00a0\u00bbecosostenibile\u00a0\u00bb _builder_version=\u00a0\u00bb4.22.2&Prime; _module_preset=\u00a0\u00bbdefault\u00a0\u00bb background_image=\u00a0\u00bbhttps:\/\/www.hetwa.fr\/wp-content\/uploads\/2023\/10\/device-repair-23.jpg\u00a0\u00bb positioning=\u00a0\u00bbabsolute\u00a0\u00bb vertical_offset=\u00a0\u00bb-107px\u00a0\u00bb horizontal_offset=\u00a0\u00bb319px\u00a0\u00bb z_index=\u00a0\u00bb2&Prime; position_origin_a_tablet=\u00a0\u00bbcenter_left\u00a0\u00bb position_origin_a_phone=\u00a0\u00bbcenter_left\u00a0\u00bb position_origin_a_last_edited=\u00a0\u00bbon|phone\u00a0\u00bb position_origin_f_tablet=\u00a0\u00bb\u00a0\u00bb position_origin_f_phone=\u00a0\u00bb\u00a0\u00bb position_origin_f_last_edited=\u00a0\u00bbon|phone\u00a0\u00bb position_origin_r_tablet=\u00a0\u00bb\u00a0\u00bb position_origin_r_phone=\u00a0\u00bb\u00a0\u00bb position_origin_r_last_edited=\u00a0\u00bbon|phone\u00a0\u00bb width=\u00a0\u00bb50%\u00a0\u00bb min_height=\u00a0\u00bb280px\u00a0\u00bb custom_margin=\u00a0\u00bb18%||||false|false\u00a0\u00bb hover_enabled=\u00a0\u00bb0&Prime; positioning_tablet=\u00a0\u00bbabsolute\u00a0\u00bb positioning_phone=\u00a0\u00bbrelative\u00a0\u00bb positioning_last_edited=\u00a0\u00bbon|phone\u00a0\u00bb custom_css_main_element=\u00a0\u00bb-webkit-clip-path: polygon(25% 0%, 100% 0%, 75% 100%, 0% 100%);||clip-path: polygon(25% 0%, 100% 0%, 75% 100%, 0% 100%);\u00a0\u00bb locked=\u00a0\u00bboff\u00a0\u00bb global_colors_info=\u00a0\u00bb{}\u00a0\u00bb disabled_on=\u00a0\u00bbon|on|off\u00a0\u00bb sticky_enabled=\u00a0\u00bb0&Prime;][\/et_pb_image][et_pb_image src=\u00a0\u00bbhttps:\/\/www.hetwa.fr\/wp-content\/uploads\/2023\/10\/1685982964177.png\u00a0\u00bb title_text=\u00a0\u00bb1685982964177&Prime; _builder_version=\u00a0\u00bb4.22.2&Prime; _module_preset=\u00a0\u00bbdefault\u00a0\u00bb background_image=\u00a0\u00bbhttps:\/\/www.hetwa.fr\/wp-content\/uploads\/2023\/10\/device-repair-23.jpg\u00a0\u00bb positioning=\u00a0\u00bbabsolute\u00a0\u00bb vertical_offset=\u00a0\u00bb231px\u00a0\u00bb horizontal_offset=\u00a0\u00bb302px\u00a0\u00bb z_index=\u00a0\u00bb2&Prime; position_origin_a_tablet=\u00a0\u00bbcenter_left\u00a0\u00bb position_origin_a_phone=\u00a0\u00bbcenter_left\u00a0\u00bb position_origin_a_last_edited=\u00a0\u00bbon|phone\u00a0\u00bb position_origin_f_tablet=\u00a0\u00bb\u00a0\u00bb position_origin_f_phone=\u00a0\u00bb\u00a0\u00bb position_origin_f_last_edited=\u00a0\u00bbon|phone\u00a0\u00bb position_origin_r_tablet=\u00a0\u00bb\u00a0\u00bb position_origin_r_phone=\u00a0\u00bb\u00a0\u00bb position_origin_r_last_edited=\u00a0\u00bbon|phone\u00a0\u00bb width=\u00a0\u00bb50%\u00a0\u00bb min_height=\u00a0\u00bb280px\u00a0\u00bb custom_margin=\u00a0\u00bb18%||||false|false\u00a0\u00bb hover_enabled=\u00a0\u00bb0&Prime; positioning_tablet=\u00a0\u00bbabsolute\u00a0\u00bb positioning_phone=\u00a0\u00bbrelative\u00a0\u00bb positioning_last_edited=\u00a0\u00bbon|phone\u00a0\u00bb custom_css_main_element=\u00a0\u00bb-webkit-clip-path: polygon(25% 0%, 100% 0%, 75% 100%, 0% 100%);||clip-path: polygon(25% 0%, 100% 0%, 75% 100%, 0% 100%);\u00a0\u00bb locked=\u00a0\u00bboff\u00a0\u00bb global_colors_info=\u00a0\u00bb{}\u00a0\u00bb disabled_on=\u00a0\u00bbon|on|off\u00a0\u00bb sticky_enabled=\u00a0\u00bb0&Prime;][\/et_pb_image][\/et_pb_column][et_pb_column type=\u00a0\u00bb1_2&Prime; _builder_version=\u00a0\u00bb4.17.4&Prime; _module_preset=\u00a0\u00bbdefault\u00a0\u00bb global_colors_info=\u00a0\u00bb{}\u00a0\u00bb][et_pb_text _builder_version=\u00a0\u00bb4.18.0&Prime; _module_preset=\u00a0\u00bbe6504a1b-67eb-4b3d-b023-bcab277610b6&Prime; header_4_font=\u00a0\u00bbInter|700||on|||||\u00a0\u00bb header_4_text_color=\u00a0\u00bb#F26440&Prime; header_4_font_size=\u00a0\u00bb14px\u00a0\u00bb header_4_letter_spacing=\u00a0\u00bb1px\u00a0\u00bb header_4_line_height=\u00a0\u00bb1.4em\u00a0\u00bb custom_margin=\u00a0\u00bb||0px||false|false\u00a0\u00bb locked=\u00a0\u00bboff\u00a0\u00bb global_colors_info=\u00a0\u00bb{}\u00a0\u00bb]<\/p>\n<h4>HETWA : Notre Engagement \u00c9cologique et Culture d&rsquo;Innovation<\/h4>\n<p>[\/et_pb_text][et_pb_text _builder_version=\u00a0\u00bb4.17.4&Prime; _module_preset=\u00a0\u00bbdefault\u00a0\u00bb text_font=\u00a0\u00bbNeutraText Book||||||||\u00a0\u00bb text_text_color=\u00a0\u00bb#747d88&Prime; text_font_size=\u00a0\u00bb16px\u00a0\u00bb global_colors_info=\u00a0\u00bb{}\u00a0\u00bb]<\/p>\n<p>Chez HETWA, notre engagement ne se limite pas \u00e0 la gestion de la ressource en eau. Nous sommes profond\u00e9ment attach\u00e9s \u00e0 des pratiques environnementales responsables qui refl\u00e8tent nos valeurs fondamentales. Notre startup s&rsquo;est engag\u00e9e \u00e0 \u00eatre un mod\u00e8le en mati\u00e8re de durabilit\u00e9 et de responsabilit\u00e9 environnementale.<\/p>\n<p>[\/et_pb_text][et_pb_text _builder_version=\u00a0\u00bb4.18.0&Prime; _module_preset=\u00a0\u00bbe6504a1b-67eb-4b3d-b023-bcab277610b6&Prime; header_4_font=\u00a0\u00bbInter|700||on|||||\u00a0\u00bb header_4_text_color=\u00a0\u00bb#F26440&Prime; header_4_font_size=\u00a0\u00bb14px\u00a0\u00bb header_4_letter_spacing=\u00a0\u00bb1px\u00a0\u00bb header_4_line_height=\u00a0\u00bb1.4em\u00a0\u00bb custom_margin=\u00a0\u00bb||0px||false|false\u00a0\u00bb locked=\u00a0\u00bboff\u00a0\u00bb global_colors_info=\u00a0\u00bb{}\u00a0\u00bb]<\/p>\n<h4>L&rsquo;Envionnement et l\u2019\u00c9cologie au C\u0153ur de Nos \u00c9tudes :<\/h4>\n<p>[\/et_pb_text][et_pb_text _builder_version=\u00a0\u00bb4.17.4&Prime; _module_preset=\u00a0\u00bbdefault\u00a0\u00bb text_font=\u00a0\u00bbNeutraText Book||||||||\u00a0\u00bb text_text_color=\u00a0\u00bb#747d88&Prime; text_font_size=\u00a0\u00bb16px\u00a0\u00bb locked=\u00a0\u00bboff\u00a0\u00bb global_colors_info=\u00a0\u00bb{}\u00a0\u00bb]<\/p>\n<p>Chez HETWA, notre d\u00e9marche environnementale et notre engagement \u00e9cologique sont au c\u0153ur de nos \u00e9tudes d&rsquo;impact. Nous consid\u00e9rons que l&rsquo;\u00e9valuation de la ressource en eau et de sa qualit\u00e9 doit se faire dans le respect de l&rsquo;environnement. Dans toutes nos \u00e9tudes, nous mettons en \u0153uvre des pratiques \u00e9coresponsables pour minimiser notre empreinte \u00e9cologique. Cela inclut la r\u00e9duction de notre consommation d&rsquo;\u00e9nergie, la gestion efficiente de nos d\u00e9chets, et la promotion de la biodiversit\u00e9. Notre objectif est de fournir des \u00e9valuations pr\u00e9cises tout en minimisant l&rsquo;impact sur notre plan\u00e8te. Dans nos \u00e9tudes, nous avons la capacit\u00e9 d\u2019\u00e9valuer l\u2019apport des contributions naturelles \u00e0 nos fonctionnements. Cette approche contribue \u00e0 la pr\u00e9servation des \u00e9cosyst\u00e8mes locaux et \u00e0 la durabilit\u00e9 de nos projets. C\u2019est avec cette vision que le concept de MEWISO est n\u00e9. Nous travaillons en \u00e9troite collaboration avec nos clients pour int\u00e9grer des pratiques \u00e9cologiques dans nos \u00e9tudes d&rsquo;impact, alignant ainsi nos objectifs sur ceux de la protection de l&rsquo;environnement.<\/p>\n<p>[\/et_pb_text][et_pb_text _builder_version=\u00a0\u00bb4.18.0&Prime; _module_preset=\u00a0\u00bbe6504a1b-67eb-4b3d-b023-bcab277610b6&Prime; header_4_font=\u00a0\u00bbInter|700||on|||||\u00a0\u00bb header_4_text_color=\u00a0\u00bb#F26440&Prime; header_4_font_size=\u00a0\u00bb14px\u00a0\u00bb header_4_letter_spacing=\u00a0\u00bb1px\u00a0\u00bb header_4_line_height=\u00a0\u00bb1.4em\u00a0\u00bb custom_margin=\u00a0\u00bb||0px||false|false\u00a0\u00bb locked=\u00a0\u00bboff\u00a0\u00bb global_colors_info=\u00a0\u00bb{}\u00a0\u00bb]<\/p>\n<h4>L&rsquo;Environnement et l\u2019\u00c9cologie au C\u0153ur de Notre Fa\u00e7on de Fonctionner :<\/h4>\n<p>[\/et_pb_text][et_pb_text _builder_version=\u00a0\u00bb4.17.4&Prime; _module_preset=\u00a0\u00bbdefault\u00a0\u00bb text_font=\u00a0\u00bbNeutraText Book||||||||\u00a0\u00bb text_text_color=\u00a0\u00bb#747d88&Prime; text_font_size=\u00a0\u00bb16px\u00a0\u00bb locked=\u00a0\u00bboff\u00a0\u00bb global_colors_info=\u00a0\u00bb{}\u00a0\u00bb]<\/p>\n<p>Chez HETWA, l&rsquo;\u00e9cologie fait partie int\u00e9grante de notre mode de fonctionnement. Nous croyons fermement en la responsabilit\u00e9 environnementale, et nous l&rsquo;int\u00e9grons naturellement dans notre quotidien. Le compostage, la promotion des transports durables comme le v\u00e9lo, et la r\u00e9duction de notre empreinte carbone font partie de notre approche. Pour nous, la protection de la plan\u00e8te est une \u00e9vidence, et nous cherchons constamment des moyens de minimiser notre impact sur l&rsquo;environnement. Notre engagement envers l&rsquo;\u00e9cologie se refl\u00e8te dans tous les aspects de notre activit\u00e9, depuis nos \u00e9tudes jusqu&rsquo;\u00e0 notre culture d&rsquo;entreprise, en passant par nos relations avec nos clients. Chez HETWA, l&rsquo;\u00e9cologie n&rsquo;est pas un discours dramatique, mais une r\u00e9alit\u00e9 v\u00e9cue au quotidien.<\/p>\n<p>[\/et_pb_text][\/et_pb_column][\/et_pb_row][\/et_pb_section]<\/p>\n","protected":false},"excerpt":{"rendered":"<p>Engagement \u00e9cologique et environnementaleHETWA : Notre Engagement \u00c9cologique et Culture d&rsquo;InnovationChez HETWA, notre engagement ne se limite pas \u00e0 la gestion de la ressource en eau. Nous sommes profond\u00e9ment attach\u00e9s \u00e0 des pratiques environnementales responsables qui refl\u00e8tent nos valeurs fondamentales. Notre startup s&rsquo;est engag\u00e9e \u00e0 \u00eatre un mod\u00e8le en mati\u00e8re de durabilit\u00e9 et de responsabilit\u00e9 [&hellip;]<\/p>\n","protected":false},"author":6,"featured_media":0,"parent":0,"menu_order":0,"comment_status":"closed","ping_status":"closed","template":"","meta":{"_et_pb_use_builder":"on","_et_pb_old_content":"","_et_gb_content_width":"","footnotes":""},"class_list":["post-1950","page","type-page","status-publish","hentry"],"yoast_head":"<!-- This site is optimized with the Yoast SEO plugin v27.3 - https:\/\/yoast.com\/product\/yoast-seo-wordpress\/ -->\n<title>Valeur3 - HETWA<\/title>\n<meta name=\"robots\" content=\"index, follow, max-snippet:-1, max-image-preview:large, max-video-preview:-1\" \/>\n<link rel=\"canonical\" href=\"https:\/\/www.hetwa.fr\/en\/valeur3\/\" \/>\n<meta property=\"og:locale\" content=\"en_US\" \/>\n<meta property=\"og:type\" content=\"article\" \/>\n<meta property=\"og:title\" content=\"Valeur3 - HETWA\" \/>\n<meta property=\"og:description\" content=\"Engagement \u00e9cologique et environnementaleHETWA : Notre Engagement \u00c9cologique et Culture d&#039;InnovationChez HETWA, notre engagement ne se limite pas \u00e0 la gestion de la ressource en eau. Nous sommes profond\u00e9ment attach\u00e9s \u00e0 des pratiques environnementales responsables qui refl\u00e8tent nos valeurs fondamentales. Notre startup s&#039;est engag\u00e9e \u00e0 \u00eatre un mod\u00e8le en mati\u00e8re de durabilit\u00e9 et de responsabilit\u00e9 [&hellip;]\" \/>\n<meta property=\"og:url\" content=\"https:\/\/www.hetwa.fr\/en\/valeur3\/\" \/>\n<meta property=\"og:site_name\" content=\"HETWA\" \/>\n<meta property=\"article:modified_time\" content=\"2023-11-02T11:30:13+00:00\" \/>\n<meta name=\"twitter:card\" content=\"summary_large_image\" \/>\n<script type=\"application\/ld+json\" class=\"yoast-schema-graph\">{\"@context\":\"https:\\\/\\\/schema.org\",\"@graph\":[{\"@type\":\"WebPage\",\"@id\":\"https:\\\/\\\/www.hetwa.fr\\\/valeur3\\\/\",\"url\":\"https:\\\/\\\/www.hetwa.fr\\\/valeur3\\\/\",\"name\":\"Valeur3 - HETWA\",\"isPartOf\":{\"@id\":\"https:\\\/\\\/www.hetwa.fr\\\/#website\"},\"datePublished\":\"2023-10-13T09:59:04+00:00\",\"dateModified\":\"2023-11-02T11:30:13+00:00\",\"breadcrumb\":{\"@id\":\"https:\\\/\\\/www.hetwa.fr\\\/valeur3\\\/#breadcrumb\"},\"inLanguage\":\"en-US\",\"potentialAction\":[{\"@type\":\"ReadAction\",\"target\":[\"https:\\\/\\\/www.hetwa.fr\\\/valeur3\\\/\"]}]},{\"@type\":\"BreadcrumbList\",\"@id\":\"https:\\\/\\\/www.hetwa.fr\\\/valeur3\\\/#breadcrumb\",\"itemListElement\":[{\"@type\":\"ListItem\",\"position\":1,\"name\":\"Accueil\",\"item\":\"https:\\\/\\\/www.hetwa.fr\\\/\"},{\"@type\":\"ListItem\",\"position\":2,\"name\":\"Valeur3\"}]},{\"@type\":\"WebSite\",\"@id\":\"https:\\\/\\\/www.hetwa.fr\\\/#website\",\"url\":\"https:\\\/\\\/www.hetwa.fr\\\/\",\"name\":\"HETWA\",\"description\":\"\",\"publisher\":{\"@id\":\"https:\\\/\\\/www.hetwa.fr\\\/#organization\"},\"potentialAction\":[{\"@type\":\"SearchAction\",\"target\":{\"@type\":\"EntryPoint\",\"urlTemplate\":\"https:\\\/\\\/www.hetwa.fr\\\/?s={search_term_string}\"},\"query-input\":{\"@type\":\"PropertyValueSpecification\",\"valueRequired\":true,\"valueName\":\"search_term_string\"}}],\"inLanguage\":\"en-US\"},{\"@type\":\"Organization\",\"@id\":\"https:\\\/\\\/www.hetwa.fr\\\/#organization\",\"name\":\"HETWA\",\"url\":\"https:\\\/\\\/www.hetwa.fr\\\/\",\"logo\":{\"@type\":\"ImageObject\",\"inLanguage\":\"en-US\",\"@id\":\"https:\\\/\\\/www.hetwa.fr\\\/#\\\/schema\\\/logo\\\/image\\\/\",\"url\":\"https:\\\/\\\/www.hetwa.fr\\\/wp-content\\\/uploads\\\/2022\\\/08\\\/cropped-logo-hetwa-1.png\",\"contentUrl\":\"https:\\\/\\\/www.hetwa.fr\\\/wp-content\\\/uploads\\\/2022\\\/08\\\/cropped-logo-hetwa-1.png\",\"width\":349,\"height\":311,\"caption\":\"HETWA\"},\"image\":{\"@id\":\"https:\\\/\\\/www.hetwa.fr\\\/#\\\/schema\\\/logo\\\/image\\\/\"},\"sameAs\":[\"https:\\\/\\\/www.linkedin.com\\\/company\\\/hetwa\\\/about\\\/\"]}]}<\/script>\n<!-- \/ Yoast SEO plugin. -->","yoast_head_json":{"title":"Valeur3 - HETWA","robots":{"index":"index","follow":"follow","max-snippet":"max-snippet:-1","max-image-preview":"max-image-preview:large","max-video-preview":"max-video-preview:-1"},"canonical":"https:\/\/www.hetwa.fr\/en\/valeur3\/","og_locale":"en_US","og_type":"article","og_title":"Valeur3 - HETWA","og_description":"Engagement \u00e9cologique et environnementaleHETWA : Notre Engagement \u00c9cologique et Culture d'InnovationChez HETWA, notre engagement ne se limite pas \u00e0 la gestion de la ressource en eau. Nous sommes profond\u00e9ment attach\u00e9s \u00e0 des pratiques environnementales responsables qui refl\u00e8tent nos valeurs fondamentales. Notre startup s'est engag\u00e9e \u00e0 \u00eatre un mod\u00e8le en mati\u00e8re de durabilit\u00e9 et de responsabilit\u00e9 [&hellip;]","og_url":"https:\/\/www.hetwa.fr\/en\/valeur3\/","og_site_name":"HETWA","article_modified_time":"2023-11-02T11:30:13+00:00","twitter_card":"summary_large_image","schema":{"@context":"https:\/\/schema.org","@graph":[{"@type":"WebPage","@id":"https:\/\/www.hetwa.fr\/valeur3\/","url":"https:\/\/www.hetwa.fr\/valeur3\/","name":"Valeur3 - HETWA","isPartOf":{"@id":"https:\/\/www.hetwa.fr\/#website"},"datePublished":"2023-10-13T09:59:04+00:00","dateModified":"2023-11-02T11:30:13+00:00","breadcrumb":{"@id":"https:\/\/www.hetwa.fr\/valeur3\/#breadcrumb"},"inLanguage":"en-US","potentialAction":[{"@type":"ReadAction","target":["https:\/\/www.hetwa.fr\/valeur3\/"]}]},{"@type":"BreadcrumbList","@id":"https:\/\/www.hetwa.fr\/valeur3\/#breadcrumb","itemListElement":[{"@type":"ListItem","position":1,"name":"Accueil","item":"https:\/\/www.hetwa.fr\/"},{"@type":"ListItem","position":2,"name":"Valeur3"}]},{"@type":"WebSite","@id":"https:\/\/www.hetwa.fr\/#website","url":"https:\/\/www.hetwa.fr\/","name":"HETWA","description":"","publisher":{"@id":"https:\/\/www.hetwa.fr\/#organization"},"potentialAction":[{"@type":"SearchAction","target":{"@type":"EntryPoint","urlTemplate":"https:\/\/www.hetwa.fr\/?s={search_term_string}"},"query-input":{"@type":"PropertyValueSpecification","valueRequired":true,"valueName":"search_term_string"}}],"inLanguage":"en-US"},{"@type":"Organization","@id":"https:\/\/www.hetwa.fr\/#organization","name":"HETWA","url":"https:\/\/www.hetwa.fr\/","logo":{"@type":"ImageObject","inLanguage":"en-US","@id":"https:\/\/www.hetwa.fr\/#\/schema\/logo\/image\/","url":"https:\/\/www.hetwa.fr\/wp-content\/uploads\/2022\/08\/cropped-logo-hetwa-1.png","contentUrl":"https:\/\/www.hetwa.fr\/wp-content\/uploads\/2022\/08\/cropped-logo-hetwa-1.png","width":349,"height":311,"caption":"HETWA"},"image":{"@id":"https:\/\/www.hetwa.fr\/#\/schema\/logo\/image\/"},"sameAs":["https:\/\/www.linkedin.com\/company\/hetwa\/about\/"]}]}},"_links":{"self":[{"href":"https:\/\/www.hetwa.fr\/en\/wp-json\/wp\/v2\/pages\/1950","targetHints":{"allow":["GET"]}}],"collection":[{"href":"https:\/\/www.hetwa.fr\/en\/wp-json\/wp\/v2\/pages"}],"about":[{"href":"https:\/\/www.hetwa.fr\/en\/wp-json\/wp\/v2\/types\/page"}],"author":[{"embeddable":true,"href":"https:\/\/www.hetwa.fr\/en\/wp-json\/wp\/v2\/users\/6"}],"replies":[{"embeddable":true,"href":"https:\/\/www.hetwa.fr\/en\/wp-json\/wp\/v2\/comments?post=1950"}],"version-history":[{"count":7,"href":"https:\/\/www.hetwa.fr\/en\/wp-json\/wp\/v2\/pages\/1950\/revisions"}],"predecessor-version":[{"id":2147,"href":"https:\/\/www.hetwa.fr\/en\/wp-json\/wp\/v2\/pages\/1950\/revisions\/2147"}],"wp:attachment":[{"href":"https:\/\/www.hetwa.fr\/en\/wp-json\/wp\/v2\/media?parent=1950"}],"curies":[{"name":"wp","href":"https:\/\/api.w.org\/{rel}","templated":true}]}}